{"id":3,"date":"2026-04-23T09:56:47","date_gmt":"2026-04-23T07:56:47","guid":{"rendered":"https:\/\/avvolgitrici.net\/?page_id=3"},"modified":"2026-04-27T16:58:30","modified_gmt":"2026-04-27T14:58:30","slug":"privacy-policy","status":"publish","type":"page","link":"https:\/\/avvolgitrici.net\/?page_id=3","title":{"rendered":"Privacy Policy"},"content":{"rendered":"\t\t<div data-elementor-type=\"wp-page\" data-elementor-id=\"3\" class=\"elementor elementor-3\" data-elementor-post-type=\"page\">\n\t\t\t\t<div class=\"elementor-element elementor-element-570b2e78 e-flex e-con-boxed e-con e-parent\" data-id=\"570b2e78\" data-element_type=\"container\" data-e-type=\"container\">\n\t\t\t\t\t<div class=\"e-con-inner\">\n\t\t\t\t<div class=\"elementor-element elementor-element-71e7bd71 elementor-widget elementor-widget-text-editor\" data-id=\"71e7bd71\" data-element_type=\"widget\" data-e-type=\"widget\" data-widget_type=\"text-editor.default\">\n\t\t\t\t\t\t\t\t\t\n<h2 class=\"wp-block-heading\"><strong>Informativa della privacy<\/strong><\/h2>\n\n\n\n<p>Il sito https:\/\/www.avvolgitrici.net raccoglie e tratta alcuni dati come di seguito descritto, in ottemperanza alla normativa prescritta dal Reg. Eu 679\/2016 e alla normativa nazionale in ambito Privacy (d.lgs. 101\/2018) nonch\u00e9 modifiche e integrazioni.<br>Il titolare del sito, infatti, conforme alle raccomandazioni del Garante della Privacy sull\u2019adeguamento del GDPR, pone molta importanza sulla riservatezza dei visitatori e degli utenti al fine di non ledere i loro diritti.<br>L\u2019intento di questa informativa privacy \u00e8 di fornire trasparenza e informazioni comprensibili attinenti alle informazioni raccolte sul sito e al suo utilizzo.<br>La presente informativa si applica esclusivamente alle funzionalit\u00e0 online del sito ed \u00e8 valida per i visitatori\/utenti del sito. L\u2019informativa non si applica a tutte quelle informazioni raccolte al di fuori del canale web dove \u00e8 presente questo sito web.\u00a0<\/p>\n\n\n\n<p><strong>Dati di navigazione e tempi di conservazione<\/strong><br>Dati acquisiti dai log di sistema e sicurezza<br>Il presente sito, durante le visite degli utenti, acquisisce automaticamente delle informazioni attraverso LOG di sistema e log di sicurezza.<br>Le informazioni raccolte potrebbero essere le seguenti:<br>\u2013 orario e data della visita;&nbsp;<br>\u2013 indirizzo IP d e nome del provider di provenienza;<br>\u2013 registrazioni di errori e problemi.<br>Tutti questi dati, raccolti in forma aggregata, vengono utilizzati solo a supporto della diagnostica a fini per la sicurezza. Esempio: in caso di attacco i log vengono monitorati per bloccare gli accessi non autorizzati e per impedire attivit\u00e0 dannose.<br>L\u2019accesso a questi dati \u00e8 solo a livello di amministrazione di server e non sono mai utilizzati per l\u2019identificazione o la profilazione dell\u2019utente\/visitatore ma solo acquisiti per la tutela e sicurezza del sito presente. Potrebbero essere utilizzati solo in caso di reato, e solo su richiesta dell\u2019autorit\u00e0 giudiziaria nei casi previsti dalla Legge.<br>I dati di LOG raccolti dal sito sono trattati presso la sede del Titolare del Trattamento e presso il datacenter del web Hosting.<br>Il web hosting \u00e8 responsabile del trattamento dei dati ed elabora i dati solo su richiesta esplicita del titolare e agisce in conformit\u00e0 alle normative europee.<br>I dati utilizzati a fini di sicurezza sono conservati per 90 giorni.&nbsp;<\/p>\n\n\n\n<p><strong>Processi decisionali automatizzati<\/strong><br>Per informazioni pi\u00f9 dettagliate sui tipi di cookie utilizzati, su altre tecniche di tracciamento e sulle informazioni che raccogliamo su di essi vi invitiamo a leggere la nostra cookie policy al seguente link (https:\/\/www.avvolgitrici.net\/cookie-policy-ue\/)<\/p>\n\n\n\n<p><strong>Finalit\u00e0 e Basi Giuridiche del trattamento<\/strong><br>La finalit\u00e0 delle nostre attivit\u00e0 di trattamento dei dati \u00e8 quella di adempiere ad obblighi di legge, perseguire i nostri interessi legittimi e scopi commerciali.<br>Per il trattamento dei dati ci basiamo, infatti, sulle basi giuridiche di seguito descritte:<br>\u2013 art. 6 lett. a) GDPR, ossia il vostro consenso, fornito per determinati trattamenti dei dati personali;<br>\u2013 art. 6 lett. b) GDPR, ossia quando il trattamento dei dati personali \u00e8 necessario per l\u2019adempimento degli obblighi derivanti da un contratto (es. qualora inoltriate richieste di informazioni e, a tali richieste, segua un ordine da parte vostra, infatti, il trattamento dei dati \u00e8 indispensabile);<br>\u2013 art. 6 lett. c) GDPR, ossia quando il trattamento dei dati personali sia necessario per adempiere a un obbligo giuridico;<br>\u2013 art. 6 lett. f) GDPR, ossia in base al legittimo interesse della nostra azienda o di terzi \u2013 a condizione che non prevalgano gli interessi o i diritti e le libert\u00e0 fondamentali dell\u2019interessato \u2013 considerato che il nostro interesse legittimo principale \u00e8 lo svolgimento e l\u2019esecuzione della nostra attivit\u00e0 commerciale (e ci\u00f2 corrisponde agli interessi legittimi delle aziende espressamente descritti dal legislatore europeo).<\/p>\n\n\n\n<p><strong>Misure di sicurezza<\/strong><br>Il trattamento dei dati acquisiti dai navigatori attraverso questo sito \u00e8 gestito in maniera legale, adottando tutte le misure opportune per:<br>\u2022 aumentare la sicurezza<br>\u2022 impedire accessi non autorizzati<br>\u2022 impedire la divulgazione non autorizzata dei dati.<br>Il trattamento viene attuato mediante dispositivi informatici, con logiche e modalit\u00e0 organizzative strettamente correlate alle finalit\u00e0 descritte sopra. Oltre al titolare, come nel caso di Google Analytics, l\u2019accesso dei dati \u00e8 delegato a consulenti tecnici coinvolti nel progetto del sito.<br>I soggetti coinvolti, sempre incaricati dall\u2019azienda titolare dei dati, possono essere anche esterni e sono intesi come fornitori di servizi tecnici terzi, hosting provider, societ\u00e0 informatiche, agenzie di web marketing.&nbsp;<\/p>\n\n\n\n<p><strong>Diritti dell\u2019utente<\/strong><br>Ai sensi del Regolamento europeo 679\/2016 (GDPR), e secondo le modalit\u00e0 e nei limiti previsti dalla vigente normativa, il navigatore\/utente pu\u00f2 esercitare i seguenti diritti:&nbsp;<br>Diritto di recesso, o l\u2019aggiornamento\/rettifica\/integrazione e cancellazione dei dati;<br>richiedere la conferma dell\u2019esistenza di propri dati personali;<br>richiedere l\u2019origine dei propri dati in maniera intelleggibile;<br>avere le informazioni riguardo le modalit\u00e0 e le finalit\u00e0 del trattamento dei dati;<br>richiedere la trasformazione in forma anonima dei dati<br>presentare un reclamo al Garante Privacy in qualit\u00e0 di Autorit\u00e0 di controllo;<br>Le richieste vanno inviate al Titolare del trattamento attraverso il form contattaci.&nbsp;<br>Precisiamo inoltre che il visitatore\/navigatore pu\u00f2 negare il consenso al conferimento e raccolta dei dati e pu\u00f2 revocare in qualsiasi momento un consenso gi\u00e0 precedentemente fornito attraverso il form Contattaci presente sul sito.<br>Il rifiuto del consenso, attraverso l\u2019apposito tasto di rifiuto sul banner dei cookie, o attraverso una revoca del consenso via email potrebbe comportare il divieto di accesso al alcuni servizi e compromettere l\u2019esperienza di navigazione di questo sito.&nbsp;<\/p>\n\n\n\n<p><strong>Titolare del trattamento<\/strong><br>Ai sensi delle leggi vigenti il titolare del trattamento \u00e8:<br>EFFE3ti S.r.l., con sede in Gattinara (VC) in C.so Garibaldi 298<br>ed \u00e8 contattabile all\u2019indirizzo communication@effe3ti.com.<\/p>\n\n\n\n<p>Aggiornamento dell\u2019informativa della privacy e Cookie policy<br>Il presente documento \u00e8 aggiornato al 27\/04\/2026<\/p>\n\t\t\t\t\t\t\t\t<\/div>\n\t\t\t\t\t<\/div>\n\t\t\t\t<\/div>\n\t\t\t\t<\/div>\n\t\t","protected":false},"excerpt":{"rendered":"<p>Informativa della privacy Il sito https:\/\/www.avvolgitrici.net raccoglie e tratta alcuni dati come di seguito descritto, in ottemperanza alla normativa prescritta dal Reg. Eu 679\/2016 e alla normativa nazionale in ambito Privacy (d.lgs. 101\/2018) nonch\u00e9 modifiche e integrazioni.Il titolare del sito, infatti, conforme alle raccomandazioni del Garante della Privacy sull\u2019adeguamento del GDPR, pone molta importanza sulla [&hellip;]<\/p>\n","protected":false},"author":1,"featured_media":0,"parent":0,"menu_order":0,"comment_status":"closed","ping_status":"open","template":"","meta":{"footnotes":""},"class_list":["post-3","page","type-page","status-publish","hentry"],"_links":{"self":[{"href":"https:\/\/avvolgitrici.net\/index.php?rest_route=\/wp\/v2\/pages\/3","targetHints":{"allow":["GET"]}}],"collection":[{"href":"https:\/\/avvolgitrici.net\/index.php?rest_route=\/wp\/v2\/pages"}],"about":[{"href":"https:\/\/avvolgitrici.net\/index.php?rest_route=\/wp\/v2\/types\/page"}],"author":[{"embeddable":true,"href":"https:\/\/avvolgitrici.net\/index.php?rest_route=\/wp\/v2\/users\/1"}],"replies":[{"embeddable":true,"href":"https:\/\/avvolgitrici.net\/index.php?rest_route=%2Fwp%2Fv2%2Fcomments&post=3"}],"version-history":[{"count":4,"href":"https:\/\/avvolgitrici.net\/index.php?rest_route=\/wp\/v2\/pages\/3\/revisions"}],"predecessor-version":[{"id":82,"href":"https:\/\/avvolgitrici.net\/index.php?rest_route=\/wp\/v2\/pages\/3\/revisions\/82"}],"wp:attachment":[{"href":"https:\/\/avvolgitrici.net\/index.php?rest_route=%2Fwp%2Fv2%2Fmedia&parent=3"}],"curies":[{"name":"wp","href":"https:\/\/api.w.org\/{rel}","templated":true}]}}